{"id":974,"date":"2021-03-01T18:54:31","date_gmt":"2021-03-01T18:54:31","guid":{"rendered":"https:\/\/munitas.lt\/?page_id=974"},"modified":"2021-03-11T21:26:36","modified_gmt":"2021-03-11T21:26:36","slug":"slifavimas-poliravimas","status":"publish","type":"page","link":"https:\/\/munitas.lt\/index.php\/slifavimas-poliravimas\/","title":{"rendered":"\u0160lifavimas\/Poliravimas"},"content":{"rendered":"\t\t<div data-elementor-type=\"wp-page\" data-elementor-id=\"974\" class=\"elementor elementor-974\" data-elementor-settings=\"[]\">\n\t\t\t\t\t\t<div class=\"elementor-inner\">\n\t\t\t\t\t\t\t<div class=\"elementor-section-wrap\">\n\t\t\t\t\t\t\t<section class=\"elementor-section elementor-top-section elementor-element elementor-element-0f8ea54 elementor-section-boxed elementor-section-height-default elementor-section-height-default\" data-id=\"0f8ea54\" data-element_type=\"section\">\n\t\t\t\t\t\t<div class=\"elementor-container elementor-column-gap-default\">\n\t\t\t\t\t\t\t<div class=\"elementor-row\">\n\t\t\t\t\t<div class=\"elementor-column elementor-col-100 elementor-top-column elementor-element elementor-element-ed363a7\" data-id=\"ed363a7\" data-element_type=\"column\">\n\t\t\t<div class=\"elementor-column-wrap elementor-element-populated\">\n\t\t\t\t\t\t\t<div class=\"elementor-widget-wrap\">\n\t\t\t\t\t\t<div class=\"elementor-element elementor-element-0ad3b7d elementor-widget elementor-widget-gallery\" data-id=\"0ad3b7d\" data-element_type=\"widget\" data-settings=\"{&quot;gallery_layout&quot;:&quot;justified&quot;,&quot;lazyload&quot;:&quot;yes&quot;,&quot;ideal_row_height&quot;:{&quot;unit&quot;:&quot;px&quot;,&quot;size&quot;:200,&quot;sizes&quot;:[]},&quot;ideal_row_height_tablet&quot;:{&quot;unit&quot;:&quot;px&quot;,&quot;size&quot;:150,&quot;sizes&quot;:[]},&quot;ideal_row_height_mobile&quot;:{&quot;unit&quot;:&quot;px&quot;,&quot;size&quot;:150,&quot;sizes&quot;:[]},&quot;gap&quot;:{&quot;unit&quot;:&quot;px&quot;,&quot;size&quot;:10,&quot;sizes&quot;:[]},&quot;gap_tablet&quot;:{&quot;unit&quot;:&quot;px&quot;,&quot;size&quot;:10,&quot;sizes&quot;:[]},&quot;gap_mobile&quot;:{&quot;unit&quot;:&quot;px&quot;,&quot;size&quot;:10,&quot;sizes&quot;:[]},&quot;link_to&quot;:&quot;file&quot;,&quot;overlay_background&quot;:&quot;yes&quot;,&quot;content_hover_animation&quot;:&quot;fade-in&quot;}\" data-widget_type=\"gallery.default\">\n\t\t\t\t<div class=\"elementor-widget-container\">\n\t\t\t\t\t<div class=\"elementor-gallery__container\">\n\t\t\t\t\t\t\t<a class=\"e-gallery-item elementor-gallery-item elementor-animated-content\" href=\"https:\/\/munitas.lt\/wp-content\/uploads\/2021\/03\/1502853201yFEt.jpg\" data-elementor-open-lightbox=\"yes\" data-elementor-lightbox-slideshow=\"all-0ad3b7d\" data-elementor-lightbox-title=\"\u0160lapi 7 \u017eingsniai\">\n\t\t\t\t\t<div class=\"e-gallery-image elementor-gallery-item__image\" data-thumbnail=\"https:\/\/munitas.lt\/wp-content\/uploads\/2021\/03\/1502853201yFEt-300x250.jpg\" data-width=\"300\" data-height=\"250\" alt=\"\" ><\/div>\n\t\t\t\t\t\t\t\t\t\t<div class=\"elementor-gallery-item__overlay\"><\/div>\n\t\t\t\t\t\t\t\t\t\t\t\t\t\t<\/a>\n\t\t\t\t\t\t\t<a class=\"e-gallery-item elementor-gallery-item elementor-animated-content\" href=\"https:\/\/munitas.lt\/wp-content\/uploads\/2021\/03\/1502853837WUZl.jpg\" data-elementor-open-lightbox=\"yes\" data-elementor-lightbox-slideshow=\"all-0ad3b7d\" data-elementor-lightbox-title=\"\u0160lapi 4 \u017eingsniai\">\n\t\t\t\t\t<div class=\"e-gallery-image elementor-gallery-item__image\" data-thumbnail=\"https:\/\/munitas.lt\/wp-content\/uploads\/2021\/03\/1502853837WUZl-300x187.jpg\" data-width=\"300\" data-height=\"187\" alt=\"\" ><\/div>\n\t\t\t\t\t\t\t\t\t\t<div class=\"elementor-gallery-item__overlay\"><\/div>\n\t\t\t\t\t\t\t\t\t\t\t\t\t\t<\/a>\n\t\t\t\t\t\t\t<a class=\"e-gallery-item elementor-gallery-item elementor-animated-content\" href=\"https:\/\/munitas.lt\/wp-content\/uploads\/2021\/03\/DRG-M-HC-510x390-1.jpg\" data-elementor-open-lightbox=\"yes\" data-elementor-lightbox-slideshow=\"all-0ad3b7d\" data-elementor-lightbox-title=\"\u0160lapi 7 \u017eingsniai\">\n\t\t\t\t\t<div class=\"e-gallery-image elementor-gallery-item__image\" data-thumbnail=\"https:\/\/munitas.lt\/wp-content\/uploads\/2021\/03\/DRG-M-HC-510x390-1-300x229.jpg\" data-width=\"300\" data-height=\"229\" alt=\"\" ><\/div>\n\t\t\t\t\t\t\t\t\t\t<div class=\"elementor-gallery-item__overlay\"><\/div>\n\t\t\t\t\t\t\t\t\t\t\t\t\t\t<\/a>\n\t\t\t\t\t\t\t<a class=\"e-gallery-item elementor-gallery-item elementor-animated-content\" href=\"https:\/\/munitas.lt\/wp-content\/uploads\/2021\/03\/DRG3-Q-2-510x510-1.jpg\" data-elementor-open-lightbox=\"yes\" data-elementor-lightbox-slideshow=\"all-0ad3b7d\" data-elementor-lightbox-title=\"Universal\u016bs 3 \u017eingsniai\">\n\t\t\t\t\t<div class=\"e-gallery-image elementor-gallery-item__image\" data-thumbnail=\"https:\/\/munitas.lt\/wp-content\/uploads\/2021\/03\/DRG3-Q-2-510x510-1-300x300.jpg\" data-width=\"300\" data-height=\"300\" alt=\"\" ><\/div>\n\t\t\t\t\t\t\t\t\t\t<div class=\"elementor-gallery-item__overlay\"><\/div>\n\t\t\t\t\t\t\t\t\t\t\t\t\t\t<\/a>\n\t\t\t\t\t\t\t<a class=\"e-gallery-item elementor-gallery-item elementor-animated-content\" href=\"https:\/\/munitas.lt\/wp-content\/uploads\/2021\/03\/DRG-MT-5-510x390-2.jpg\" data-elementor-open-lightbox=\"yes\" data-elementor-lightbox-slideshow=\"all-0ad3b7d\" data-elementor-lightbox-title=\"Sausi 5 \u017eingsniai\">\n\t\t\t\t\t<div class=\"e-gallery-image elementor-gallery-item__image\" data-thumbnail=\"https:\/\/munitas.lt\/wp-content\/uploads\/2021\/03\/DRG-MT-5-510x390-2-300x229.jpg\" data-width=\"300\" data-height=\"229\" alt=\"\" ><\/div>\n\t\t\t\t\t\t\t\t\t\t<div class=\"elementor-gallery-item__overlay\"><\/div>\n\t\t\t\t\t\t\t\t\t\t\t\t\t\t<\/a>\n\t\t\t\t\t\t\t<a class=\"e-gallery-item elementor-gallery-item elementor-animated-content\" href=\"https:\/\/munitas.lt\/wp-content\/uploads\/2021\/03\/DRG-MT6-510x255-1.jpg\" data-elementor-open-lightbox=\"yes\" data-elementor-lightbox-slideshow=\"all-0ad3b7d\" data-elementor-lightbox-title=\"Sausi 7 \u017eingsniai\">\n\t\t\t\t\t<div class=\"e-gallery-image elementor-gallery-item__image\" data-thumbnail=\"https:\/\/munitas.lt\/wp-content\/uploads\/2021\/03\/DRG-MT6-510x255-1-300x150.jpg\" data-width=\"300\" data-height=\"150\" alt=\"\" ><\/div>\n\t\t\t\t\t\t\t\t\t\t<div class=\"elementor-gallery-item__overlay\"><\/div>\n\t\t\t\t\t\t\t\t\t\t\t\t\t\t<\/a>\n\t\t\t\t\t\t\t<a class=\"e-gallery-item elementor-gallery-item elementor-animated-content\" href=\"https:\/\/munitas.lt\/wp-content\/uploads\/2021\/03\/st0236-1.jpg\" data-elementor-open-lightbox=\"yes\" data-elementor-lightbox-slideshow=\"all-0ad3b7d\" data-elementor-lightbox-title=\"Padas \u012fv kietumai\/ diametrai\">\n\t\t\t\t\t<div class=\"e-gallery-image elementor-gallery-item__image\" data-thumbnail=\"https:\/\/munitas.lt\/wp-content\/uploads\/2021\/03\/st0236-1-300x231.jpg\" data-width=\"300\" data-height=\"231\" alt=\"\" ><\/div>\n\t\t\t\t\t\t\t\t\t\t<div class=\"elementor-gallery-item__overlay\"><\/div>\n\t\t\t\t\t\t\t\t\t\t\t\t\t\t<\/a>\n\t\t\t\t\t\t\t<a class=\"e-gallery-item elementor-gallery-item elementor-animated-content\" href=\"https:\/\/munitas.lt\/wp-content\/uploads\/2021\/03\/mpsg1-ferro-3.jpg\" data-elementor-open-lightbox=\"yes\" data-elementor-lightbox-slideshow=\"all-0ad3b7d\" data-elementor-lightbox-title=\"mpsg1\" data-elementor-lightbox-description=\"Grubumas - 0\">\n\t\t\t\t\t<div class=\"e-gallery-image elementor-gallery-item__image\" data-thumbnail=\"https:\/\/munitas.lt\/wp-content\/uploads\/2021\/03\/mpsg1-ferro-3-300x300.jpg\" data-width=\"300\" data-height=\"300\" alt=\"\" ><\/div>\n\t\t\t\t\t\t\t\t\t\t<div class=\"elementor-gallery-item__overlay\"><\/div>\n\t\t\t\t\t\t\t\t\t\t\t\t\t\t<\/a>\n\t\t\t\t\t\t\t<a class=\"e-gallery-item elementor-gallery-item elementor-animated-content\" href=\"https:\/\/munitas.lt\/wp-content\/uploads\/2021\/03\/MPSG1-TL.jpg\" data-elementor-open-lightbox=\"yes\" data-elementor-lightbox-slideshow=\"all-0ad3b7d\" data-elementor-lightbox-title=\"MPSG1-TL\" data-elementor-lightbox-description=\"Grubumas - 00\">\n\t\t\t\t\t<div class=\"e-gallery-image elementor-gallery-item__image\" data-thumbnail=\"https:\/\/munitas.lt\/wp-content\/uploads\/2021\/03\/MPSG1-TL-300x300.jpg\" data-width=\"300\" data-height=\"300\" alt=\"\" ><\/div>\n\t\t\t\t\t\t\t\t\t\t<div class=\"elementor-gallery-item__overlay\"><\/div>\n\t\t\t\t\t\t\t\t\t\t\t\t\t\t<\/a>\n\t\t\t\t\t\t\t<a class=\"e-gallery-item elementor-gallery-item elementor-animated-content\" href=\"https:\/\/munitas.lt\/wp-content\/uploads\/2021\/03\/MPSG250-HC.jpg\" data-elementor-open-lightbox=\"yes\" data-elementor-lightbox-slideshow=\"all-0ad3b7d\" data-elementor-lightbox-title=\"MPSG250-HC\" data-elementor-lightbox-description=\"Diametras 250\">\n\t\t\t\t\t<div class=\"e-gallery-image elementor-gallery-item__image\" data-thumbnail=\"https:\/\/munitas.lt\/wp-content\/uploads\/2021\/03\/MPSG250-HC-300x300.jpg\" data-width=\"300\" data-height=\"300\" alt=\"\" ><\/div>\n\t\t\t\t\t\t\t\t\t\t<div class=\"elementor-gallery-item__overlay\"><\/div>\n\t\t\t\t\t\t\t\t\t\t\t\t\t\t<\/a>\n\t\t\t\t\t\t\t<a class=\"e-gallery-item elementor-gallery-item elementor-animated-content\" href=\"https:\/\/munitas.lt\/wp-content\/uploads\/2021\/03\/p027_1_00.jpg\" data-elementor-open-lightbox=\"yes\" data-elementor-lightbox-slideshow=\"all-0ad3b7d\" data-elementor-lightbox-title=\"K\u016bgin\u0117s \u00d8110\" data-elementor-lightbox-description=\"Gr\u016bnumas 24; 36; 60; 120; 220\">\n\t\t\t\t\t<div class=\"e-gallery-image elementor-gallery-item__image\" data-thumbnail=\"https:\/\/munitas.lt\/wp-content\/uploads\/2021\/03\/p027_1_00-300x244.jpg\" data-width=\"300\" data-height=\"244\" alt=\"\" ><\/div>\n\t\t\t\t\t\t\t\t\t\t<div class=\"elementor-gallery-item__overlay\"><\/div>\n\t\t\t\t\t\t\t\t\t\t\t\t\t\t<\/a>\n\t\t\t\t\t\t\t<a class=\"e-gallery-item elementor-gallery-item elementor-animated-content\" href=\"https:\/\/munitas.lt\/wp-content\/uploads\/2021\/03\/T4670_1_Cup-Wheel-Cylindrical-Silicon-Carbide-Fox-Ironstone.jpg\" data-elementor-open-lightbox=\"yes\" data-elementor-lightbox-slideshow=\"all-0ad3b7d\" data-elementor-lightbox-title=\"Cilindrin\u0117s \u00d880\" data-elementor-lightbox-description=\"Gr\u016bbumas 24; 36; 60; 120; 220\">\n\t\t\t\t\t<div class=\"e-gallery-image elementor-gallery-item__image\" data-thumbnail=\"https:\/\/munitas.lt\/wp-content\/uploads\/2021\/03\/T4670_1_Cup-Wheel-Cylindrical-Silicon-Carbide-Fox-Ironstone-300x300.jpg\" data-width=\"300\" data-height=\"300\" alt=\"\" ><\/div>\n\t\t\t\t\t\t\t\t\t\t<div class=\"elementor-gallery-item__overlay\"><\/div>\n\t\t\t\t\t\t\t\t\t\t\t\t\t\t<\/a>\n\t\t\t\t\t<\/div>\n\t\t\t<\/div>\n\t\t\t\t<\/div>\n\t\t\t\t\t\t<\/div>\n\t\t\t\t\t<\/div>\n\t\t<\/div>\n\t\t\t\t\t\t\t\t<\/div>\n\t\t\t\t\t<\/div>\n\t\t<\/section>\n\t\t\t\t\t\t<\/div>\n\t\t\t\t\t\t<\/div>\n\t\t\t\t\t<\/div>\n\t\t","protected":false},"excerpt":{"rendered":"","protected":false},"author":1,"featured_media":0,"parent":0,"menu_order":0,"comment_status":"closed","ping_status":"closed","template":"","meta":[],"_links":{"self":[{"href":"https:\/\/munitas.lt\/index.php\/wp-json\/wp\/v2\/pages\/974"}],"collection":[{"href":"https:\/\/munitas.lt\/index.php\/wp-json\/wp\/v2\/pages"}],"about":[{"href":"https:\/\/munitas.lt\/index.php\/wp-json\/wp\/v2\/types\/page"}],"author":[{"embeddable":true,"href":"https:\/\/munitas.lt\/index.php\/wp-json\/wp\/v2\/users\/1"}],"replies":[{"embeddable":true,"href":"https:\/\/munitas.lt\/index.php\/wp-json\/wp\/v2\/comments?post=974"}],"version-history":[{"count":4,"href":"https:\/\/munitas.lt\/index.php\/wp-json\/wp\/v2\/pages\/974\/revisions"}],"predecessor-version":[{"id":1314,"href":"https:\/\/munitas.lt\/index.php\/wp-json\/wp\/v2\/pages\/974\/revisions\/1314"}],"wp:attachment":[{"href":"https:\/\/munitas.lt\/index.php\/wp-json\/wp\/v2\/media?parent=974"}],"curies":[{"name":"wp","href":"https:\/\/api.w.org\/{rel}","templated":true}]}}